{"id":2,"date":"2025-04-29T10:55:36","date_gmt":"2025-04-29T08:55:36","guid":{"rendered":"https:\/\/suhlas.promotime.net\/?page_id=2"},"modified":"2025-04-29T15:36:55","modified_gmt":"2025-04-29T13:36:55","slug":"ukazkova-stranka","status":"publish","type":"page","link":"https:\/\/suhlas.promotime.net\/","title":{"rendered":"Uk\u00e1\u017ekov\u00e1 str\u00e1nka"},"content":{"rendered":"\t\t<div data-elementor-type=\"wp-page\" data-elementor-id=\"2\" class=\"elementor elementor-2\" data-elementor-post-type=\"page\">\n\t\t\t\t<div class=\"elementor-element elementor-element-a9e1e25 e-flex e-con-boxed e-con e-parent\" data-id=\"a9e1e25\" data-element_type=\"container\">\n\t\t\t\t\t<div class=\"e-con-inner\">\n\t\t\t\t<div class=\"elementor-element elementor-element-d1af783 elementor-widget elementor-widget-heading\" data-id=\"d1af783\" data-element_type=\"widget\" data-widget_type=\"heading.default\">\n\t\t\t\t<div class=\"elementor-widget-container\">\n\t\t\t\t\t<h2 class=\"elementor-heading-title elementor-size-default\">\u010cESTN\u00c9 PREHL\u00c1SENIE <\/h2>\t\t\t\t<\/div>\n\t\t\t\t<\/div>\n\t\t\t\t<div class=\"elementor-element elementor-element-2b0ceea elementor-button-align-stretch elementor-widget elementor-widget-form\" data-id=\"2b0ceea\" data-element_type=\"widget\" data-settings=\"{&quot;step_next_label&quot;:&quot;\\u010eal\\u0161ie&quot;,&quot;step_previous_label&quot;:&quot;Predo\\u0161l\\u00e9&quot;,&quot;button_width&quot;:&quot;100&quot;,&quot;step_type&quot;:&quot;number_text&quot;,&quot;step_icon_shape&quot;:&quot;circle&quot;}\" data-widget_type=\"form.default\">\n\t\t\t\t<div class=\"elementor-widget-container\">\n\t\t\t\t\t\t\t<form class=\"elementor-form\" method=\"post\" name=\"New Form\">\n\t\t\t<input type=\"hidden\" name=\"post_id\" value=\"2\"\/>\n\t\t\t<input type=\"hidden\" name=\"form_id\" value=\"2b0ceea\"\/>\n\t\t\t<input type=\"hidden\" name=\"referer_title\" value=\"\" \/>\n\n\t\t\t\t\t\t\t<input type=\"hidden\" name=\"queried_id\" value=\"2\"\/>\n\t\t\t\n\t\t\t<div class=\"elementor-form-fields-wrapper elementor-labels-above\">\n\t\t\t\t\t\t\t\t<div class=\"elementor-field-type-step elementor-field-group elementor-column elementor-field-group-field_a08c6e2 elementor-col-100\">\n\t\t\t\t\t\t\t<div class=\"e-field-step elementor-hidden\" data-label=\"\" data-previousButton=\"\" data-nextButton=\"\" data-iconUrl=\"\" data-iconLibrary=\"fas fa-star\" data-icon=\"&lt;svg class=&quot;e-font-icon-svg e-fas-star&quot; viewBox=&quot;0 0 576 512&quot; xmlns=&quot;http:\/\/www.w3.org\/2000\/svg&quot;&gt;&lt;path d=&quot;M259.3 17.8L194 150.2 47.9 171.5c-26.2 3.8-36.7 36.1-17.7 54.6l105.7 103-25 145.5c-4.5 26.3 23.2 46 46.4 33.7L288 439.6l130.7 68.7c23.2 12.2 50.9-7.4 46.4-33.7l-25-145.5 105.7-103c19-18.5 8.5-50.8-17.7-54.6L382 150.2 316.7 17.8c-11.7-23.6-45.6-23.9-57.4 0z&quot;&gt;&lt;\/path&gt;&lt;\/svg&gt;\" ><\/div>\n\n\t\t\t\t\t\t<\/div>\n\t\t\t\t\t\t\t\t<div class=\"elementor-field-type-select elementor-field-group elementor-column elementor-field-group-name elementor-col-100 elementor-field-required\">\n\t\t\t\t\t\t\t\t\t\t\t\t<label for=\"form-field-name\" class=\"elementor-field-label\">\n\t\t\t\t\t\t\t\tPohlavie\t\t\t\t\t\t\t<\/label>\n\t\t\t\t\t\t\t\t<div class=\"elementor-field elementor-select-wrapper remove-before \">\n\t\t\t<div class=\"select-caret-down-wrapper\">\n\t\t\t\t<svg aria-hidden=\"true\" class=\"e-font-icon-svg e-eicon-caret-down\" viewBox=\"0 0 571.4 571.4\" xmlns=\"http:\/\/www.w3.org\/2000\/svg\"><path d=\"M571 393Q571 407 561 418L311 668Q300 679 286 679T261 668L11 418Q0 407 0 393T11 368 36 357H536Q550 357 561 368T571 393Z\"><\/path><\/svg>\t\t\t<\/div>\n\t\t\t<select name=\"form_fields[name]\" id=\"form-field-name\" class=\"elementor-field-textual elementor-size-sm\" required=\"required\">\n\t\t\t\t\t\t\t\t\t<option value=\"mu\u017e\">mu\u017e<\/option>\n\t\t\t\t\t\t\t\t\t<option value=\"\u017eena\">\u017eena<\/option>\n\t\t\t\t\t\t\t<\/select>\n\t\t<\/div>\n\t\t\t\t\t\t<\/div>\n\t\t\t\t\t\t\t\t<div class=\"elementor-field-type-text elementor-field-group elementor-column elementor-field-group-field_c21c122 elementor-col-100 elementor-field-required\">\n\t\t\t\t\t\t\t\t\t\t\t\t<label for=\"form-field-field_c21c122\" class=\"elementor-field-label\">\n\t\t\t\t\t\t\t\tMeno a priezvisko\t\t\t\t\t\t\t<\/label>\n\t\t\t\t\t\t\t\t\t\t\t\t\t\t<input size=\"1\" type=\"text\" name=\"form_fields[field_c21c122]\" id=\"form-field-field_c21c122\" class=\"elementor-field elementor-size-sm  elementor-field-textual\" required=\"required\">\n\t\t\t\t\t\t\t\t\t\t\t<\/div>\n\t\t\t\t\t\t\t\t<div class=\"elementor-field-type-date elementor-field-group elementor-column elementor-field-group-field_6beced5 elementor-col-100 elementor-field-required\">\n\t\t\t\t\t\t\t\t\t\t\t\t<label for=\"form-field-field_6beced5\" class=\"elementor-field-label\">\n\t\t\t\t\t\t\t\tD\u00e1tum narodenia\t\t\t\t\t\t\t<\/label>\n\t\t\t\t\t\t\n\t\t<input type=\"date\" name=\"form_fields[field_6beced5]\" id=\"form-field-field_6beced5\" class=\"elementor-field elementor-size-sm  elementor-field-textual elementor-date-field\" required=\"required\" pattern=\"[0-9]{4}-[0-9]{2}-[0-9]{2}\">\n\t\t\t\t\t\t<\/div>\n\t\t\t\t\t\t\t\t<div class=\"elementor-field-type-text elementor-field-group elementor-column elementor-field-group-field_d50f7d5 elementor-col-100 elementor-field-required\">\n\t\t\t\t\t\t\t\t\t\t\t\t<label for=\"form-field-field_d50f7d5\" class=\"elementor-field-label\">\n\t\t\t\t\t\t\t\tBydlisko\t\t\t\t\t\t\t<\/label>\n\t\t\t\t\t\t\t\t\t\t\t\t\t\t<input size=\"1\" type=\"text\" name=\"form_fields[field_d50f7d5]\" id=\"form-field-field_d50f7d5\" class=\"elementor-field elementor-size-sm  elementor-field-textual\" required=\"required\">\n\t\t\t\t\t\t\t\t\t\t\t<\/div>\n\t\t\t\t\t\t\t\t<div class=\"elementor-field-type-text elementor-field-group elementor-column elementor-field-group-field_1c8fd34 elementor-col-50 elementor-field-required\">\n\t\t\t\t\t\t\t\t\t\t\t\t<label for=\"form-field-field_1c8fd34\" class=\"elementor-field-label\">\n\t\t\t\t\t\t\t\tMobil\t\t\t\t\t\t\t<\/label>\n\t\t\t\t\t\t\t\t\t\t\t\t\t\t<input size=\"1\" type=\"text\" name=\"form_fields[field_1c8fd34]\" id=\"form-field-field_1c8fd34\" class=\"elementor-field elementor-size-sm  elementor-field-textual\" required=\"required\">\n\t\t\t\t\t\t\t\t\t\t\t<\/div>\n\t\t\t\t\t\t\t\t<div class=\"elementor-field-type-email elementor-field-group elementor-column elementor-field-group-email elementor-col-50 elementor-field-required\">\n\t\t\t\t\t\t\t\t\t\t\t\t<label for=\"form-field-email\" class=\"elementor-field-label\">\n\t\t\t\t\t\t\t\tEmail\t\t\t\t\t\t\t<\/label>\n\t\t\t\t\t\t\t\t\t\t\t\t\t\t<input size=\"1\" type=\"email\" name=\"form_fields[email]\" id=\"form-field-email\" class=\"elementor-field elementor-size-sm  elementor-field-textual\" required=\"required\">\n\t\t\t\t\t\t\t\t\t\t\t<\/div>\n\t\t\t\t\t\t\t\t<div class=\"elementor-field-type-recaptcha_v3 elementor-field-group elementor-column elementor-field-group-field_c21ee71 elementor-col-100 recaptcha_v3-bottomright\">\n\t\t\t\t\t<div class=\"elementor-field\" id=\"form-field-field_c21ee71\"><div class=\"elementor-g-recaptcha\" data-sitekey=\"6LdPOigrAAAAAHMB3jfYMEdm7RLisYhxF0iIyjk6\" data-type=\"v3\" data-action=\"Form\" data-badge=\"bottomright\" data-size=\"invisible\"><\/div><\/div>\t\t\t\t<\/div>\n\t\t\t\t\t\t\t\t<div class=\"elementor-field-type-step elementor-field-group elementor-column elementor-field-group-field_a86c36c elementor-col-100\">\n\t\t\t\t\t\t\t<div class=\"e-field-step elementor-hidden\" data-label=\"\" data-previousButton=\"Sp\u00e4\u0165 na \u00fadaje\" data-nextButton=\"Podp\u00edsa\u0165 a odosla\u0165\" data-iconUrl=\"\" data-iconLibrary=\"fas fa-star\" data-icon=\"&lt;svg class=&quot;e-font-icon-svg e-fas-star&quot; viewBox=&quot;0 0 576 512&quot; xmlns=&quot;http:\/\/www.w3.org\/2000\/svg&quot;&gt;&lt;path d=&quot;M259.3 17.8L194 150.2 47.9 171.5c-26.2 3.8-36.7 36.1-17.7 54.6l105.7 103-25 145.5c-4.5 26.3 23.2 46 46.4 33.7L288 439.6l130.7 68.7c23.2 12.2 50.9-7.4 46.4-33.7l-25-145.5 105.7-103c19-18.5 8.5-50.8-17.7-54.6L382 150.2 316.7 17.8c-11.7-23.6-45.6-23.9-57.4 0z&quot;&gt;&lt;\/path&gt;&lt;\/svg&gt;\" ><\/div>\n\n\t\t\t\t\t\t<\/div>\n\t\t\t\t\t\t\t\t<div class=\"elementor-field-type-html elementor-field-group elementor-column elementor-field-group-field_2158105 elementor-col-50\">\n\t\t\t\t\t\u010co (predmet aktivity): RADEGAST Aktiv\u00e1cia\t\t\t\t<\/div>\n\t\t\t\t\t\t\t\t<div class=\"elementor-field-type-html elementor-field-group elementor-column elementor-field-group-field_ff4add1 elementor-col-50\">\n\t\t\t\t\tKde (miesto realiz\u00e1cie): Tyr\u0161ovo n\u00e1bre\u017eie Bratislava\t\t\t\t<\/div>\n\t\t\t\t\t\t\t\t<div class=\"elementor-field-type-html elementor-field-group elementor-column elementor-field-group-field_d6a78d6 elementor-col-50\">\n\t\t\t\t\tKedy: 2.5.-3.5.2025\t\t\t\t<\/div>\n\t\t\t\t\t\t\t\t<div class=\"elementor-field-type-html elementor-field-group elementor-column elementor-field-group-field_b21e133 elementor-col-50\">\n\t\t\t\t\tOrganiz\u00e1tor aktivity: PROMOTIME s.r.o.\t\t\t\t<\/div>\n\t\t\t\t\t\t\t\t<div class=\"elementor-field-type-acceptance elementor-field-group elementor-column elementor-field-group-field_f69d6b2 elementor-col-100\">\n\t\t\t\t\t\t\t<div class=\"elementor-field-subgroup\">\n\t\t\t<span class=\"elementor-field-option\">\n\t\t\t\t<input type=\"checkbox\" name=\"form_fields[field_f69d6b2]\" id=\"form-field-field_f69d6b2\" class=\"elementor-field elementor-size-sm  elementor-acceptance-field\" checked=\"checked\">\n\t\t\t\t<label for=\"form-field-field_f69d6b2\"><p style=\"font-size: 0.9em;\">\n    <span>Beriem na vedomie vecn\u00e9 po\u017eiadavky, ktor\u00e9 s\u00fa odpor\u00fa\u010dan\u00e9 \u2013 ako oble\u010denie, obuv, v\u00fdstroj, v\u00fdbava a zav\u00e4zujem sa ich dodr\u017ea\u0165.<\/span>\n    <details>\n        <summary>Viac inform\u00e1ci\u00ed<\/summary>\n        T\u00fdmto \u010destne prehlasujem, \u017ee som sa obozn\u00e1mil\/a s obsahom aktivity, v\u00fdslovne vr\u00e1tane \u010do do predmetu, podmienok a n\u00e1ro\u010dnosti aktivity aj ob\u0165a\u017enosti technickej, fyzickej, o ktor\u00fa m\u00e1m z\u00e1ujem, vyhodnotil\/a som svoje schopnosti aktivitu absolvova\u0165 a som dostato\u010dne zdravotne, fyzicky aj psychicky sp\u00f4sobil\u00fd\/\u00e1 na aktivitu, ktorej m\u00e1m z\u00e1ujem sa z\u00fa\u010dastni\u0165 a som si vedom\u00fd\/\u00e1 o svojich povinnostiach t\u00fdkaj\u00facich sa mojej vlastnej, ako aj majetkovej a zdravotnej ochrany ostatn\u00fdch \u00fa\u010dastn\u00edkov aktivity a z\u00fa\u010dast\u0148ujem sa aktivity dobrovo\u013ene s vedom\u00edm vlastn\u00e9ho rizika, na vlastn\u00fa zodpovednos\u0165 a zav\u00e4zujem sa dodr\u017eiava\u0165 pr\u00edslu\u0161n\u00e9 bezpe\u010dnostn\u00e9 opatrenia.\n        S\u00fa\u010dasne v\u00fdslovne prehlasujem, \u017ee som nepo\u017eil\/a \u017eiadne alkoholick\u00e9 n\u00e1poje, ani nie som pod vplyvom \u017eiadnych alkoholick\u00fdch n\u00e1pojov ani omamn\u00fdch \u010di psychotropn\u00fdch l\u00e1tok.\n        Som si vedom\u00fd\/\u00e1 pr\u00e1vnych n\u00e1sledkov v pr\u00edpade podania nepravdiv\u00e9ho, ne\u00fapln\u00e9ho alebo inak chybn\u00e9ho \u010destn\u00e9ho prehl\u00e1senia.\n        Beriem na vedomie, \u017ee osobn\u00e9 \u00fadaje bud\u00fa anonymizovan\u00e9 vyu\u017eit\u00e9 pre \u0161tatistiku o vyu\u017e\u00edvan\u00ed aktivity, ktorej sa z\u00fa\u010dast\u0148ujem.\n        Viac Inform\u00e1ci\u00ed ku sprac\u00favaniu osobn\u00fdch \u00fadajov na: doplni\u0165.\n    <\/details>\n<\/p>\n<\/label>\t\t\t<\/span>\n\t\t<\/div>\n\t\t\t\t\t\t<\/div>\n\t\t\t\t\t\t\t\t<div class=\"elementor-field-type-text elementor-field-group elementor-column elementor-field-group-field_97b5834 elementor-col-50 elementor-field-required\">\n\t\t\t\t\t\t\t\t\t\t\t\t<label for=\"form-field-field_97b5834\" class=\"elementor-field-label\">\n\t\t\t\t\t\t\t\tMiesto\t\t\t\t\t\t\t<\/label>\n\t\t\t\t\t\t\t\t\t\t\t\t\t\t<input size=\"1\" type=\"text\" name=\"form_fields[field_97b5834]\" id=\"form-field-field_97b5834\" class=\"elementor-field elementor-size-sm  elementor-field-textual\" required=\"required\">\n\t\t\t\t\t\t\t\t\t\t\t<\/div>\n\t\t\t\t\t\t\t\t<div class=\"elementor-field-type-date elementor-field-group elementor-column elementor-field-group-field_df05269 elementor-col-50 elementor-field-required\">\n\t\t\t\t\t\t\t\t\t\t\t\t<label for=\"form-field-field_df05269\" class=\"elementor-field-label\">\n\t\t\t\t\t\t\t\tD\u00e1tum\t\t\t\t\t\t\t<\/label>\n\t\t\t\t\t\t\n\t\t<input type=\"date\" name=\"form_fields[field_df05269]\" id=\"form-field-field_df05269\" class=\"elementor-field elementor-size-sm  elementor-field-textual elementor-date-field\" required=\"required\" pattern=\"[0-9]{4}-[0-9]{2}-[0-9]{2}\">\n\t\t\t\t\t\t<\/div>\n\t\t\t\t\t\t\t\t<div class=\"elementor-field-type-signature elementor-field-group elementor-column elementor-field-group-field_f8d0387 elementor-col-100 elementor-field-required\">\n\t\t\t\t\t\t\t\t\t\t\t\t<label for=\"form-field-field_f8d0387\" class=\"elementor-field-label\">\n\t\t\t\t\t\t\t\tVlastnoru\u010dn\u00fd podpis\t\t\t\t\t\t\t<\/label>\n\t\t\t\t\t\t<div class='width-100'><div class='elementor-signature-container' style='width: 300px' ><div class='elementor_signature_clear'><img src='https:\/\/suhlas.promotime.net\/wp-content\/plugins\/signature-field-for-elementor-forms\/lib\/images\/remove-icon.png' alt='' \/><\/div><div class='elementor-signature-field'  data-id=\"field_f8d0387\" data-background=\"#ffffff\" data-color=\"#000000\" data-width=\"300\" data-height=\"100\" data-name=\"0\" style='width:300px; height: 100px; background: #ffffff'><\/div><\/div>  <input style=\"display: none;\" type=\"text\" type=\"hidden\" name=\"form_fields[field_f8d0387]\" id=\"form-field-field_f8d0387\" class=\"elementor-field elementor-size-sm  elementor-upload-field-signature\" required=\"required\"><\/div>\t\t\t\t<\/div>\n\t\t\t\t\t\t\t\t<div class=\"elementor-field-group elementor-column elementor-field-type-submit elementor-col-100 e-form__buttons\">\n\t\t\t\t\t<button class=\"elementor-button elementor-size-sm\" type=\"submit\">\n\t\t\t\t\t\t<span class=\"elementor-button-content-wrapper\">\n\t\t\t\t\t\t\t\t\t\t\t\t\t\t\t\t\t\t\t\t\t\t<span class=\"elementor-button-text\">ODOSLA\u0164<\/span>\n\t\t\t\t\t\t\t\t\t\t\t\t\t<\/span>\n\t\t\t\t\t<\/button>\n\t\t\t\t<\/div>\n\t\t\t<\/div>\n\t\t<\/form>\n\t\t\t\t\t\t<\/div>\n\t\t\t\t<\/div>\n\t\t\t\t\t<\/div>\n\t\t\t\t<\/div>\n\t\t\t\t<\/div>\n\t\t","protected":false},"excerpt":{"rendered":"<p>\u010cESTN\u00c9 PREHL\u00c1SENIE<\/p>\n","protected":false},"author":1,"featured_media":0,"parent":0,"menu_order":0,"comment_status":"closed","ping_status":"open","template":"elementor_canvas","meta":{"footnotes":""},"class_list":["post-2","page","type-page","status-publish","hentry"],"_links":{"self":[{"href":"https:\/\/suhlas.promotime.net\/index.php?rest_route=\/wp\/v2\/pages\/2","targetHints":{"allow":["GET"]}}],"collection":[{"href":"https:\/\/suhlas.promotime.net\/index.php?rest_route=\/wp\/v2\/pages"}],"about":[{"href":"https:\/\/suhlas.promotime.net\/index.php?rest_route=\/wp\/v2\/types\/page"}],"author":[{"embeddable":true,"href":"https:\/\/suhlas.promotime.net\/index.php?rest_route=\/wp\/v2\/users\/1"}],"replies":[{"embeddable":true,"href":"https:\/\/suhlas.promotime.net\/index.php?rest_route=%2Fwp%2Fv2%2Fcomments&post=2"}],"version-history":[{"count":63,"href":"https:\/\/suhlas.promotime.net\/index.php?rest_route=\/wp\/v2\/pages\/2\/revisions"}],"predecessor-version":[{"id":82,"href":"https:\/\/suhlas.promotime.net\/index.php?rest_route=\/wp\/v2\/pages\/2\/revisions\/82"}],"wp:attachment":[{"href":"https:\/\/suhlas.promotime.net\/index.php?rest_route=%2Fwp%2Fv2%2Fmedia&parent=2"}],"curies":[{"name":"wp","href":"https:\/\/api.w.org\/{rel}","templated":true}]}}